{"id":37,"date":"2021-06-10T18:05:05","date_gmt":"2021-06-10T16:05:05","guid":{"rendered":"http:\/\/perou-nefer.com\/?page_id=37"},"modified":"2021-07-30T19:05:13","modified_gmt":"2021-07-30T17:05:13","slug":"voyages","status":"publish","type":"page","link":"https:\/\/perou-nefer.com\/index.php\/voyages\/","title":{"rendered":"Voyages"},"content":{"rendered":"\t\t<div data-elementor-type=\"wp-page\" data-elementor-id=\"37\" class=\"elementor elementor-37\">\n\t\t\t\t\t\t\t\t\t<section class=\"elementor-section elementor-top-section elementor-element elementor-element-bfae750 elementor-section-boxed elementor-section-height-default elementor-section-height-default\" data-id=\"bfae750\" data-element_type=\"section\">\n\t\t\t\t\t\t<div class=\"elementor-container elementor-column-gap-default\">\n\t\t\t\t\t<div class=\"elementor-column elementor-col-100 elementor-top-column elementor-element elementor-element-627e128\" data-id=\"627e128\" data-element_type=\"column\">\n\t\t\t<div class=\"elementor-widget-wrap elementor-element-populated\">\n\t\t\t\t\t\t\t\t<div class=\"elementor-element elementor-element-29aea4c elementor-widget elementor-widget-heading\" data-id=\"29aea4c\" data-element_type=\"widget\" data-widget_type=\"heading.default\">\n\t\t\t\t<div class=\"elementor-widget-container\">\n\t\t\t<h3 class=\"elementor-heading-title elementor-size-default\">VOYAGES<\/h3>\t\t<\/div>\n\t\t\t\t<\/div>\n\t\t\t\t<div class=\"elementor-element elementor-element-3a0b1d9 elementor-widget-divider--view-line elementor-widget elementor-widget-divider\" data-id=\"3a0b1d9\" data-element_type=\"widget\" data-widget_type=\"divider.default\">\n\t\t\t\t<div class=\"elementor-widget-container\">\n\t\t\t\t\t<div class=\"elementor-divider\">\n\t\t\t<span class=\"elementor-divider-separator\">\n\t\t\t\t\t\t<\/span>\n\t\t<\/div>\n\t\t\t\t<\/div>\n\t\t\t\t<\/div>\n\t\t\t\t<div class=\"elementor-element elementor-element-722f7a0 elementor-widget elementor-widget-text-editor\" data-id=\"722f7a0\" data-element_type=\"widget\" data-widget_type=\"text-editor.default\">\n\t\t\t\t<div class=\"elementor-widget-container\">\n\t\t\t\t\t\t\t<p class=\"p1\"><span class=\"s1\">Chaque ann\u00e9e<\/span><b>,<\/b> <span style=\"text-decoration: underline;\"><a href=\"http:\/\/perou-nefer.com\/index.php\/perou-nefer\/\">Perou Nefer<\/a><\/span> propose un <i>grand voyage, <\/i>un <i>petit s\u00e9jour<\/i>, ainsi qu\u2019un voyage <i>Au fil de l\u2019eau en Dahabeya <\/i>et des excursions<i>. <\/i>Les voyages dans le Delta partent en septembre\u2013octobre, les voyages dans le sud (\u00c9gypte ou Nubie) durant les vacances de F\u00e9vrier, et le voyage en <i>dahabeya <\/i>est pr\u00e9vu au cours du mois de mai\u00a0;<span class=\"s1\"> les excursions mus\u00e9ales sont pr\u00e9vues selon les dates d\u2019exposition.<\/span> Le nombre de participants est compris entre 20 personnes (<i>ad minima<\/i>) et 25 personnes au plus (accompagnateurs inclus), \u00e0 l\u2019exception du <i>Petit s\u00e9jour au fils de l\u2019eau, <\/i>o\u00f9 la dahabeya ne permet d\u2019h\u00e9berger que 15 \u00e0 20 personnes \u00e0 bord. Les propositions sont annonc\u00e9es \u00e0 la mi-septembre et le voyage n\u2019est certain que lorsque tous les participants \u00e9ventuels se sont fermement engag\u00e9s.<\/p><p class=\"p1\">Si vous ne pouvez pas participer physiquement aux r\u00e9unions pr\u00e9paratoires, vous pouvez nous faire conna\u00eetre votre int\u00e9r\u00eat pour tel ou tel voyage dans la page <span style=\"text-decoration: underline;\"><a href=\"http:\/\/perou-nefer.com\/index.php\/contact\/\">contact<\/a><\/span>.<\/p>\t\t\t\t\t\t<\/div>\n\t\t\t\t<\/div>\n\t\t\t\t\t<\/div>\n\t\t<\/div>\n\t\t\t\t\t\t\t<\/div>\n\t\t<\/section>\n\t\t\t\t<section class=\"elementor-section elementor-top-section elementor-element elementor-element-6f07ad4 elementor-section-boxed elementor-section-height-default elementor-section-height-default\" data-id=\"6f07ad4\" data-element_type=\"section\">\n\t\t\t\t\t\t<div class=\"elementor-container elementor-column-gap-custom\">\n\t\t\t\t\t<div class=\"elementor-column elementor-col-50 elementor-top-column elementor-element elementor-element-9fec73a\" data-id=\"9fec73a\" data-element_type=\"column\">\n\t\t\t<div class=\"elementor-widget-wrap elementor-element-populated\">\n\t\t\t\t\t\t\t\t<div class=\"elementor-element elementor-element-c65de8f elementor-widget elementor-widget-image\" data-id=\"c65de8f\" data-element_type=\"widget\" data-widget_type=\"image.default\">\n\t\t\t\t<div class=\"elementor-widget-container\">\n\t\t\t\t\t\t\t\t\t\t\t\t\t\t\t<img width=\"667\" height=\"564\" src=\"https:\/\/perou-nefer.com\/wp-content\/uploads\/2021\/07\/16-Visuel-16-Re\u0301union-pre\u0301sentation-projet-de-lanne\u0301e-Laurence-en-pre\u0301sentation.png\" class=\"attachment-large size-large\" alt=\"\" loading=\"lazy\" srcset=\"https:\/\/perou-nefer.com\/wp-content\/uploads\/2021\/07\/16-Visuel-16-Re\u0301union-pre\u0301sentation-projet-de-lanne\u0301e-Laurence-en-pre\u0301sentation.png 667w, https:\/\/perou-nefer.com\/wp-content\/uploads\/2021\/07\/16-Visuel-16-Re\u0301union-pre\u0301sentation-projet-de-lanne\u0301e-Laurence-en-pre\u0301sentation-300x254.png 300w\" sizes=\"(max-width: 667px) 100vw, 667px\" \/>\t\t\t\t\t\t\t\t\t\t\t\t\t\t\t<\/div>\n\t\t\t\t<\/div>\n\t\t\t\t\t<\/div>\n\t\t<\/div>\n\t\t\t\t<div class=\"elementor-column elementor-col-50 elementor-top-column elementor-element elementor-element-d13d932\" data-id=\"d13d932\" data-element_type=\"column\" data-settings=\"{&quot;background_background&quot;:&quot;classic&quot;}\">\n\t\t\t<div class=\"elementor-widget-wrap elementor-element-populated\">\n\t\t\t\t\t\t\t\t<div class=\"elementor-element elementor-element-3304364 elementor-widget elementor-widget-heading\" data-id=\"3304364\" data-element_type=\"widget\" data-widget_type=\"heading.default\">\n\t\t\t\t<div class=\"elementor-widget-container\">\n\t\t\t<h2 class=\"elementor-heading-title elementor-size-default\">Les propositions de la r\u00e9union de Septembre<\/h2>\t\t<\/div>\n\t\t\t\t<\/div>\n\t\t\t\t<div class=\"elementor-element elementor-element-96cface elementor-widget elementor-widget-text-editor\" data-id=\"96cface\" data-element_type=\"widget\" data-widget_type=\"text-editor.default\">\n\t\t\t\t<div class=\"elementor-widget-container\">\n\t\t\t\t\t\t\t<p class=\"p1\"><span style=\"text-decoration: underline;\">Vocation de cette r\u00e9union :<\/span> Chaque ann\u00e9e, \u00e0 la mi-septembre, Perou Nefer pr\u00e9sente \u00e0 ceux qui le souhaitent les 3 voyages propos\u00e9s (grand voyage, petit s\u00e9jour et <i>Au fil de l\u2019eau<\/i>), voire une ou des excursions\u00a0: il s\u2019agit de pr\u00e9senter les sites, activit\u00e9s et visites culturelles \u00e9labor\u00e9es par Laurence ainsi que les conditions de voyages organis\u00e9es par Sylvie, et de tarifer chaque proposition en fonction du nombre de voyageurs potentiels en annon\u00e7ant une date limite d\u2019inscription.<\/p>\t\t\t\t\t\t<\/div>\n\t\t\t\t<\/div>\n\t\t\t\t<div class=\"elementor-element elementor-element-f0fddbe elementor-widget elementor-widget-button\" data-id=\"f0fddbe\" data-element_type=\"widget\" data-widget_type=\"button.default\">\n\t\t\t\t<div class=\"elementor-widget-container\">\n\t\t\t\t\t<div class=\"elementor-button-wrapper\">\n\t\t\t<a href=\"#\" class=\"elementor-button-link elementor-button elementor-size-sm\" role=\"button\">\n\t\t\t\t\t\t<span class=\"elementor-button-content-wrapper\">\n\t\t\t\t\t\t<span class=\"elementor-button-text\">T\u00e9l\u00e9charger le compte-rendu de la r\u00e9union  de Septembre<\/span>\n\t\t<\/span>\n\t\t\t\t\t<\/a>\n\t\t<\/div>\n\t\t\t\t<\/div>\n\t\t\t\t<\/div>\n\t\t\t\t\t<\/div>\n\t\t<\/div>\n\t\t\t\t\t\t\t<\/div>\n\t\t<\/section>\n\t\t\t\t<section class=\"elementor-section elementor-top-section elementor-element elementor-element-2368251 elementor-section-boxed elementor-section-height-default elementor-section-height-default\" data-id=\"2368251\" data-element_type=\"section\">\n\t\t\t\t\t\t<div class=\"elementor-container elementor-column-gap-custom\">\n\t\t\t\t\t<div class=\"elementor-column elementor-col-50 elementor-top-column elementor-element elementor-element-85936ee\" data-id=\"85936ee\" data-element_type=\"column\" data-settings=\"{&quot;background_background&quot;:&quot;classic&quot;}\">\n\t\t\t<div class=\"elementor-widget-wrap elementor-element-populated\">\n\t\t\t\t\t\t\t\t<div class=\"elementor-element elementor-element-52fc7d7 elementor-widget elementor-widget-heading\" data-id=\"52fc7d7\" data-element_type=\"widget\" data-widget_type=\"heading.default\">\n\t\t\t\t<div class=\"elementor-widget-container\">\n\t\t\t<h2 class=\"elementor-heading-title elementor-size-default\">Les voyages retenus par les Amis de Perou Nefer<\/h2>\t\t<\/div>\n\t\t\t\t<\/div>\n\t\t\t\t<div class=\"elementor-element elementor-element-a45be51 elementor-widget elementor-widget-button\" data-id=\"a45be51\" data-element_type=\"widget\" data-widget_type=\"button.default\">\n\t\t\t\t<div class=\"elementor-widget-container\">\n\t\t\t\t\t<div class=\"elementor-button-wrapper\">\n\t\t\t<a href=\"#\" class=\"elementor-button-link elementor-button elementor-size-sm\" role=\"button\">\n\t\t\t\t\t\t<span class=\"elementor-button-content-wrapper\">\n\t\t\t\t\t\t<span class=\"elementor-button-text\">T\u00e9l\u00e9charger les comptes-rendus des r\u00e9unions<\/span>\n\t\t<\/span>\n\t\t\t\t\t<\/a>\n\t\t<\/div>\n\t\t\t\t<\/div>\n\t\t\t\t<\/div>\n\t\t\t\t\t<\/div>\n\t\t<\/div>\n\t\t\t\t<div class=\"elementor-column elementor-col-50 elementor-top-column elementor-element elementor-element-9a7ea6d\" data-id=\"9a7ea6d\" data-element_type=\"column\">\n\t\t\t<div class=\"elementor-widget-wrap elementor-element-populated\">\n\t\t\t\t\t\t\t\t<div class=\"elementor-element elementor-element-6d71a1a elementor-widget elementor-widget-image\" data-id=\"6d71a1a\" data-element_type=\"widget\" data-widget_type=\"image.default\">\n\t\t\t\t<div class=\"elementor-widget-container\">\n\t\t\t\t\t\t\t\t\t\t\t\t\t\t\t<img width=\"1024\" height=\"1024\" src=\"https:\/\/perou-nefer.com\/wp-content\/uploads\/2021\/07\/17-Visuel-17-Voyages-retenus-pour-lanne\u0301e-de\u0301part-en-car-1024x1024.jpg\" class=\"attachment-large size-large\" alt=\"\" loading=\"lazy\" srcset=\"https:\/\/perou-nefer.com\/wp-content\/uploads\/2021\/07\/17-Visuel-17-Voyages-retenus-pour-lanne\u0301e-de\u0301part-en-car.jpg 1024w, https:\/\/perou-nefer.com\/wp-content\/uploads\/2021\/07\/17-Visuel-17-Voyages-retenus-pour-lanne\u0301e-de\u0301part-en-car-300x300.jpg 300w, https:\/\/perou-nefer.com\/wp-content\/uploads\/2021\/07\/17-Visuel-17-Voyages-retenus-pour-lanne\u0301e-de\u0301part-en-car-150x150.jpg 150w, https:\/\/perou-nefer.com\/wp-content\/uploads\/2021\/07\/17-Visuel-17-Voyages-retenus-pour-lanne\u0301e-de\u0301part-en-car-768x768.jpg 768w\" sizes=\"(max-width: 1024px) 100vw, 1024px\" \/>\t\t\t\t\t\t\t\t\t\t\t\t\t\t\t<\/div>\n\t\t\t\t<\/div>\n\t\t\t\t\t<\/div>\n\t\t<\/div>\n\t\t\t\t\t\t\t<\/div>\n\t\t<\/section>\n\t\t\t\t<section class=\"elementor-section elementor-top-section elementor-element elementor-element-ca1e7de elementor-section-boxed elementor-section-height-default elementor-section-height-default\" data-id=\"ca1e7de\" data-element_type=\"section\">\n\t\t\t\t\t\t<div class=\"elementor-container elementor-column-gap-default\">\n\t\t\t\t\t<div class=\"elementor-column elementor-col-100 elementor-top-column elementor-element elementor-element-15c9132\" data-id=\"15c9132\" data-element_type=\"column\">\n\t\t\t<div class=\"elementor-widget-wrap elementor-element-populated\">\n\t\t\t\t\t\t\t\t<div class=\"elementor-element elementor-element-430e0f5 elementor-widget elementor-widget-heading\" data-id=\"430e0f5\" data-element_type=\"widget\" data-widget_type=\"heading.default\">\n\t\t\t\t<div class=\"elementor-widget-container\">\n\t\t\t<h2 class=\"elementor-heading-title elementor-size-default\">Formulaire de pr\u00e9 inscription <\/h2>\t\t<\/div>\n\t\t\t\t<\/div>\n\t\t\t\t<div class=\"elementor-element elementor-element-89f824b elementor-widget elementor-widget-text-editor\" data-id=\"89f824b\" data-element_type=\"widget\" data-widget_type=\"text-editor.default\">\n\t\t\t\t<div class=\"elementor-widget-container\">\n\t\t\t\t\t\t\t<p class=\"p1\"><b>Ce formulaire ne vous engage \u00e0 rien. <\/b>En nous communiquant vos coordonn\u00e9es (nom, t\u00e9l\u00e9phone, e-mail), d\u2019une part, cela vous permet de recevoir toutes les informations relatives au(x) voyage(s) qui vous int\u00e9ressent selon l\u2019avanc\u00e9e des projets, et d\u2019autre part, nous nous engageons \u00e0 effacer ces donn\u00e9es sur simple demande de votre part.<\/p>\t\t\t\t\t\t<\/div>\n\t\t\t\t<\/div>\n\t\t\t\t<div class=\"elementor-element elementor-element-08ec732 elementor-align-center elementor-widget elementor-widget-button\" data-id=\"08ec732\" data-element_type=\"widget\" data-widget_type=\"button.default\">\n\t\t\t\t<div class=\"elementor-widget-container\">\n\t\t\t\t\t<div class=\"elementor-button-wrapper\">\n\t\t\t<a href=\"http:\/\/perou-nefer.com\/wp-content\/uploads\/2021\/07\/formulaire-de-pre-inscription.pdf\" target=\"_blank\" class=\"elementor-button-link elementor-button elementor-size-sm\" role=\"button\">\n\t\t\t\t\t\t<span class=\"elementor-button-content-wrapper\">\n\t\t\t\t\t\t<span class=\"elementor-button-text\">T\u00e9l\u00e9charger le formulaire<\/span>\n\t\t<\/span>\n\t\t\t\t\t<\/a>\n\t\t<\/div>\n\t\t\t\t<\/div>\n\t\t\t\t<\/div>\n\t\t\t\t<div class=\"elementor-element elementor-element-35da506 elementor-widget elementor-widget-text-editor\" data-id=\"35da506\" data-element_type=\"widget\" data-widget_type=\"text-editor.default\">\n\t\t\t\t<div class=\"elementor-widget-container\">\n\t\t\t\t\t\t\t<p>ou remplir le formulaire en ligne :<\/p>\t\t\t\t\t\t<\/div>\n\t\t\t\t<\/div>\n\t\t\t\t<section class=\"elementor-section elementor-inner-section elementor-element elementor-element-3879d78 elementor-section-boxed elementor-section-height-default elementor-section-height-default\" data-id=\"3879d78\" data-element_type=\"section\">\n\t\t\t\t\t\t<div class=\"elementor-container elementor-column-gap-custom\">\n\t\t\t\t\t<div class=\"elementor-column elementor-col-100 elementor-inner-column elementor-element elementor-element-b253235\" data-id=\"b253235\" data-element_type=\"column\" data-settings=\"{&quot;background_background&quot;:&quot;classic&quot;}\">\n\t\t\t<div class=\"elementor-widget-wrap elementor-element-populated\">\n\t\t\t\t\t\t\t\t<div class=\"elementor-element elementor-element-9622314 elementor-widget elementor-widget-text-editor\" data-id=\"9622314\" data-element_type=\"widget\" data-widget_type=\"text-editor.default\">\n\t\t\t\t<div class=\"elementor-widget-container\">\n\t\t\t\t\t\t\t<p>Coordonn\u00e9es personnelles :<\/p>\t\t\t\t\t\t<\/div>\n\t\t\t\t<\/div>\n\t\t\t\t<div class=\"elementor-element elementor-element-5ff1421 elementor-button-align-stretch elementor-widget elementor-widget-form\" data-id=\"5ff1421\" data-element_type=\"widget\" data-settings=\"{&quot;step_next_label&quot;:&quot;Suivant&quot;,&quot;step_previous_label&quot;:&quot;Pr\\u00e9c\\u00e9dent&quot;,&quot;button_width&quot;:&quot;100&quot;,&quot;step_type&quot;:&quot;number_text&quot;,&quot;step_icon_shape&quot;:&quot;circle&quot;}\" data-widget_type=\"form.default\">\n\t\t\t\t<div class=\"elementor-widget-container\">\n\t\t\t\t\t<form class=\"elementor-form\" method=\"post\" >\n\t\t\t<input type=\"hidden\" name=\"post_id\" value=\"37\"\/>\n\t\t\t<input type=\"hidden\" name=\"form_id\" value=\"5ff1421\"\/>\n\t\t\t<input type=\"hidden\" name=\"referer_title\" value=\"\" \/>\n\n\t\t\t\n\t\t\t<div class=\"elementor-form-fields-wrapper elementor-labels-above\">\n\t\t\t\t\t\t\t\t<div class=\"elementor-field-type-text elementor-field-group elementor-column elementor-field-group-name elementor-col-100\">\n\t\t\t\t\t<label for=\"form-field-name\" class=\"elementor-field-label\">Nom et pr\u00e9nom<\/label><input size=\"1\" type=\"text\" name=\"form_fields[name]\" id=\"form-field-name\" class=\"elementor-field elementor-size-sm  elementor-field-textual\" placeholder=\"Nom et pr\u00e9nom\">\t\t\t\t<\/div>\n\t\t\t\t\t\t\t\t<div class=\"elementor-field-type-email elementor-field-group elementor-column elementor-field-group-field_5c2e490 elementor-col-100\">\n\t\t\t\t\t<label for=\"form-field-field_5c2e490\" class=\"elementor-field-label\">Email<\/label><input size=\"1\" type=\"email\" name=\"form_fields[field_5c2e490]\" id=\"form-field-field_5c2e490\" class=\"elementor-field elementor-size-sm  elementor-field-textual\" placeholder=\"Email\">\t\t\t\t<\/div>\n\t\t\t\t\t\t\t\t<div class=\"elementor-field-type-tel elementor-field-group elementor-column elementor-field-group-field_96f5f58 elementor-col-100\">\n\t\t\t\t\t<label for=\"form-field-field_96f5f58\" class=\"elementor-field-label\">T\u00e9l\u00e9phone<\/label><input size=\"1\" type=\"tel\" name=\"form_fields[field_96f5f58]\" id=\"form-field-field_96f5f58\" class=\"elementor-field elementor-size-sm  elementor-field-textual\" placeholder=\"T\u00e9l\u00e9phone\" pattern=\"[0-9()#&amp;+*-=.]+\" title=\"Seuls les caract\u00e8res de num\u00e9ros de t\u00e9l\u00e9phone (#, -, *, etc.) sont accept\u00e9s.\">\t\t\t\t<\/div>\n\t\t\t\t\t\t\t\t<div class=\"elementor-field-type-text elementor-field-group elementor-column elementor-field-group-email elementor-col-100 elementor-field-required\">\n\t\t\t\t\t<label for=\"form-field-email\" class=\"elementor-field-label\">Adresse<\/label><input size=\"1\" type=\"text\" name=\"form_fields[email]\" id=\"form-field-email\" class=\"elementor-field elementor-size-sm  elementor-field-textual\" placeholder=\"Adresse\" required=\"required\" aria-required=\"true\">\t\t\t\t<\/div>\n\t\t\t\t\t\t\t\t<div class=\"elementor-field-type-radio elementor-field-group elementor-column elementor-field-group-field_67025d4 elementor-col-100\">\n\t\t\t\t\t<label for=\"form-field-field_67025d4\" class=\"elementor-field-label\">Demande d'informations de l'int\u00e9ress\u00e9 :<\/label><div class=\"elementor-field-subgroup  \"><span class=\"elementor-field-option\"><input type=\"radio\" value=\"Grand voyage\" id=\"form-field-field_67025d4-0\" name=\"form_fields[field_67025d4]\"> <label for=\"form-field-field_67025d4-0\">Grand voyage<\/label><\/span><span class=\"elementor-field-option\"><input type=\"radio\" value=\"Petit S\u00e9jour\" id=\"form-field-field_67025d4-1\" name=\"form_fields[field_67025d4]\"> <label for=\"form-field-field_67025d4-1\">Petit S\u00e9jour<\/label><\/span><span class=\"elementor-field-option\"><input type=\"radio\" value=\"Au fil de l\u2019eau\" id=\"form-field-field_67025d4-2\" name=\"form_fields[field_67025d4]\"> <label for=\"form-field-field_67025d4-2\">Au fil de l\u2019eau<\/label><\/span><span class=\"elementor-field-option\"><input type=\"radio\" value=\"Excursion\" id=\"form-field-field_67025d4-3\" name=\"form_fields[field_67025d4]\"> <label for=\"form-field-field_67025d4-3\">Excursion<\/label><\/span><\/div>\t\t\t\t<\/div>\n\t\t\t\t\t\t\t\t<div class=\"elementor-field-type-textarea elementor-field-group elementor-column elementor-field-group-field_0767d4f elementor-col-100\">\n\t\t\t\t\t<label for=\"form-field-field_0767d4f\" class=\"elementor-field-label\">Pourquoi ce choix ?<\/label><textarea class=\"elementor-field-textual elementor-field  elementor-size-sm\" name=\"form_fields[field_0767d4f]\" id=\"form-field-field_0767d4f\" rows=\"4\"><\/textarea>\t\t\t\t<\/div>\n\t\t\t\t\t\t\t\t<div class=\"elementor-field-type-radio elementor-field-group elementor-column elementor-field-group-field_b61d49a elementor-col-100\">\n\t\t\t\t\t<label for=\"form-field-field_b61d49a\" class=\"elementor-field-label\">\u00c0 quel titre ?<\/label><div class=\"elementor-field-subgroup  \"><span class=\"elementor-field-option\"><input type=\"radio\" value=\"\u00c9tudiant UPN \u00e9gyptologie\" id=\"form-field-field_b61d49a-0\" name=\"form_fields[field_b61d49a]\"> <label for=\"form-field-field_b61d49a-0\">\u00c9tudiant UPN \u00e9gyptologie<\/label><\/span><span class=\"elementor-field-option\"><input type=\"radio\" value=\"Adh\u00e9rent Isis\" id=\"form-field-field_b61d49a-1\" name=\"form_fields[field_b61d49a]\"> <label for=\"form-field-field_b61d49a-1\">Adh\u00e9rent Isis<\/label><\/span><span class=\"elementor-field-option\"><input type=\"radio\" value=\"Adh\u00e9rent \u00e0 une association \u00e9gyptologique (merci de pr\u00e9ciser laquelle dans l&#039;encart texte)\" id=\"form-field-field_b61d49a-2\" name=\"form_fields[field_b61d49a]\"> <label for=\"form-field-field_b61d49a-2\">Adh\u00e9rent \u00e0 une association \u00e9gyptologique (merci de pr\u00e9ciser laquelle dans l'encart texte)<\/label><\/span><span class=\"elementor-field-option\"><input type=\"radio\" value=\"Adh\u00e9rent UTL Cholet\" id=\"form-field-field_b61d49a-3\" name=\"form_fields[field_b61d49a]\"> <label for=\"form-field-field_b61d49a-3\">Adh\u00e9rent UTL Cholet<\/label><\/span><span class=\"elementor-field-option\"><input type=\"radio\" value=\"Famille ou amis des pr\u00e9 cit\u00e9s (conjoint, famille, ami...)\" id=\"form-field-field_b61d49a-4\" name=\"form_fields[field_b61d49a]\"> <label for=\"form-field-field_b61d49a-4\">Famille ou amis des pr\u00e9 cit\u00e9s (conjoint, famille, ami...)<\/label><\/span><span class=\"elementor-field-option\"><input type=\"radio\" value=\"Autre (merci de pr\u00e9ciser dans l&#039;encart texte)\" id=\"form-field-field_b61d49a-5\" name=\"form_fields[field_b61d49a]\"> <label for=\"form-field-field_b61d49a-5\">Autre (merci de pr\u00e9ciser dans l'encart texte)<\/label><\/span><\/div>\t\t\t\t<\/div>\n\t\t\t\t\t\t\t\t<div class=\"elementor-field-group elementor-column elementor-field-type-submit elementor-col-100 e-form__buttons\">\n\t\t\t\t\t<button type=\"submit\" class=\"elementor-button elementor-size-sm\">\n\t\t\t\t\t\t<span >\n\t\t\t\t\t\t\t\t\t\t\t\t\t\t\t<span class=\" elementor-button-icon\">\n\t\t\t\t\t\t\t\t\t\t\t\t\t\t\t\t\t\t\t\t\t\t\t\t\t\t<\/span>\n\t\t\t\t\t\t\t\t\t\t\t\t\t\t\t\t\t\t\t\t\t\t<span class=\"elementor-button-text\">Envoyer<\/span>\n\t\t\t\t\t\t\t\t\t\t\t\t\t<\/span>\n\t\t\t\t\t<\/button>\n\t\t\t\t<\/div>\n\t\t\t<\/div>\n\t\t<\/form>\n\t\t\t\t<\/div>\n\t\t\t\t<\/div>\n\t\t\t\t\t<\/div>\n\t\t<\/div>\n\t\t\t\t\t\t\t<\/div>\n\t\t<\/section>\n\t\t\t\t\t<\/div>\n\t\t<\/div>\n\t\t\t\t\t\t\t<\/div>\n\t\t<\/section>\n\t\t\t\t\t\t\t<\/div>\n\t\t","protected":false},"excerpt":{"rendered":"<p>VOYAGES Chaque ann\u00e9e, Perou Nefer propose un grand voyage, un petit s\u00e9jour, ainsi qu\u2019un voyage Au fil de l\u2019eau en Dahabeya et des excursions. Les voyages dans le Delta partent en septembre\u2013octobre, les voyages dans le sud (\u00c9gypte ou Nubie) durant les vacances de F\u00e9vrier, et le voyage en dahabeya est pr\u00e9vu au cours du [&hellip;]<\/p>\n","protected":false},"author":1,"featured_media":0,"parent":0,"menu_order":0,"comment_status":"closed","ping_status":"closed","template":"elementor_header_footer","meta":[],"_links":{"self":[{"href":"https:\/\/perou-nefer.com\/index.php\/wp-json\/wp\/v2\/pages\/37"}],"collection":[{"href":"https:\/\/perou-nefer.com\/index.php\/wp-json\/wp\/v2\/pages"}],"about":[{"href":"https:\/\/perou-nefer.com\/index.php\/wp-json\/wp\/v2\/types\/page"}],"author":[{"embeddable":true,"href":"https:\/\/perou-nefer.com\/index.php\/wp-json\/wp\/v2\/users\/1"}],"replies":[{"embeddable":true,"href":"https:\/\/perou-nefer.com\/index.php\/wp-json\/wp\/v2\/comments?post=37"}],"version-history":[{"count":52,"href":"https:\/\/perou-nefer.com\/index.php\/wp-json\/wp\/v2\/pages\/37\/revisions"}],"predecessor-version":[{"id":1148,"href":"https:\/\/perou-nefer.com\/index.php\/wp-json\/wp\/v2\/pages\/37\/revisions\/1148"}],"wp:attachment":[{"href":"https:\/\/perou-nefer.com\/index.php\/wp-json\/wp\/v2\/media?parent=37"}],"curies":[{"name":"wp","href":"https:\/\/api.w.org\/{rel}","templated":true}]}}