{"id":709,"date":"2021-07-05T11:36:49","date_gmt":"2021-07-05T09:36:49","guid":{"rendered":"http:\/\/perou-nefer.com\/?page_id=709"},"modified":"2021-07-30T15:42:11","modified_gmt":"2021-07-30T13:42:11","slug":"les-organisateurs","status":"publish","type":"page","link":"https:\/\/perou-nefer.com\/index.php\/les-organisateurs\/","title":{"rendered":"Les organisateurs"},"content":{"rendered":"\t\t<div data-elementor-type=\"wp-page\" data-elementor-id=\"709\" class=\"elementor elementor-709\">\n\t\t\t\t\t\t\t\t\t<section class=\"elementor-section elementor-top-section elementor-element elementor-element-265c536 elementor-section-boxed elementor-section-height-default elementor-section-height-default\" data-id=\"265c536\" data-element_type=\"section\">\n\t\t\t\t\t\t<div class=\"elementor-container elementor-column-gap-default\">\n\t\t\t\t\t<div class=\"elementor-column elementor-col-100 elementor-top-column elementor-element elementor-element-b56fa36\" data-id=\"b56fa36\" data-element_type=\"column\">\n\t\t\t<div class=\"elementor-widget-wrap elementor-element-populated\">\n\t\t\t\t\t\t\t\t<div class=\"elementor-element elementor-element-84e2644 elementor-widget elementor-widget-heading\" data-id=\"84e2644\" data-element_type=\"widget\" data-widget_type=\"heading.default\">\n\t\t\t\t<div class=\"elementor-widget-container\">\n\t\t\t<h3 class=\"elementor-heading-title elementor-size-default\">LES ORGANISATEURS<\/h3>\t\t<\/div>\n\t\t\t\t<\/div>\n\t\t\t\t<div class=\"elementor-element elementor-element-7698308 elementor-widget-divider--view-line elementor-widget elementor-widget-divider\" data-id=\"7698308\" data-element_type=\"widget\" data-widget_type=\"divider.default\">\n\t\t\t\t<div class=\"elementor-widget-container\">\n\t\t\t\t\t<div class=\"elementor-divider\">\n\t\t\t<span class=\"elementor-divider-separator\">\n\t\t\t\t\t\t<\/span>\n\t\t<\/div>\n\t\t\t\t<\/div>\n\t\t\t\t<\/div>\n\t\t\t\t<section class=\"elementor-section elementor-inner-section elementor-element elementor-element-c761686 elementor-section-boxed elementor-section-height-default elementor-section-height-default\" data-id=\"c761686\" data-element_type=\"section\">\n\t\t\t\t\t\t<div class=\"elementor-container elementor-column-gap-custom\">\n\t\t\t\t\t<div class=\"elementor-column elementor-col-33 elementor-inner-column elementor-element elementor-element-6a2c0db\" data-id=\"6a2c0db\" data-element_type=\"column\">\n\t\t\t<div class=\"elementor-widget-wrap elementor-element-populated\">\n\t\t\t\t\t\t\t\t<div class=\"elementor-element elementor-element-cdc430c elementor-widget elementor-widget-image\" data-id=\"cdc430c\" data-element_type=\"widget\" data-widget_type=\"image.default\">\n\t\t\t\t<div class=\"elementor-widget-container\">\n\t\t\t\t\t\t\t\t\t\t\t\t\t\t\t<img width=\"540\" height=\"360\" src=\"https:\/\/perou-nefer.com\/wp-content\/uploads\/2021\/06\/ddd5A-Visuel-5A-Les-organisateurs-Sylvie-de-face.jpg\" class=\"attachment-large size-large\" alt=\"\" loading=\"lazy\" srcset=\"https:\/\/perou-nefer.com\/wp-content\/uploads\/2021\/06\/ddd5A-Visuel-5A-Les-organisateurs-Sylvie-de-face.jpg 540w, https:\/\/perou-nefer.com\/wp-content\/uploads\/2021\/06\/ddd5A-Visuel-5A-Les-organisateurs-Sylvie-de-face-300x200.jpg 300w\" sizes=\"(max-width: 540px) 100vw, 540px\" \/>\t\t\t\t\t\t\t\t\t\t\t\t\t\t\t<\/div>\n\t\t\t\t<\/div>\n\t\t\t\t\t<\/div>\n\t\t<\/div>\n\t\t\t\t<div class=\"elementor-column elementor-col-66 elementor-inner-column elementor-element elementor-element-d1eecae\" data-id=\"d1eecae\" data-element_type=\"column\" data-settings=\"{&quot;background_background&quot;:&quot;classic&quot;}\">\n\t\t\t<div class=\"elementor-widget-wrap elementor-element-populated\">\n\t\t\t\t\t\t\t\t<div class=\"elementor-element elementor-element-cb9589a elementor-widget elementor-widget-heading\" data-id=\"cb9589a\" data-element_type=\"widget\" data-widget_type=\"heading.default\">\n\t\t\t\t<div class=\"elementor-widget-container\">\n\t\t\t<h2 class=\"elementor-heading-title elementor-size-default\">Sylvie Arnot - organisatrice et accompagnatrice<\/h2>\t\t<\/div>\n\t\t\t\t<\/div>\n\t\t\t\t<div class=\"elementor-element elementor-element-dfe3358 elementor-widget elementor-widget-text-editor\" data-id=\"dfe3358\" data-element_type=\"widget\" data-widget_type=\"text-editor.default\">\n\t\t\t\t<div class=\"elementor-widget-container\">\n\t\t\t\t\t\t\t<p>Mes articles servent \u00e0 informer les personnes int\u00e9ress\u00e9es par les voyages que nous proposons sur\u00a0:<\/p><ul><li>Les conditions administratives : documents utiles (passeport ou carte d\u2019identit\u00e9 + 2 copies), change, pourboires, etc&#8230;<\/li><li>Les conditions climatiques sur place et les v\u00eatements \u00e0 emporter<\/li><li>Les conditions d\u2019h\u00e9bergement, de restauration et de d\u00e9placement (eau potable, papier toilette, etc)<\/li><li>Le comportement \u00e0 adopter dans le pays envers la population et les r\u00e8gles vestimentaires<\/li><li>Les consignes de voyage<\/li><li>Les m\u00e9dicaments \u00e0 emporter + trousse de premier secours<\/li><li>Les dons pour les enfants<\/li><li>Les conditions pour les photos<\/li><li>Les livres (romans ou essais), magazines et documentaires \u00e0 consulter avant le d\u00e9part<\/li><\/ul>\t\t\t\t\t\t<\/div>\n\t\t\t\t<\/div>\n\t\t\t\t\t<\/div>\n\t\t<\/div>\n\t\t\t\t\t\t\t<\/div>\n\t\t<\/section>\n\t\t\t\t<section class=\"elementor-section elementor-inner-section elementor-element elementor-element-c148c8d elementor-section-boxed elementor-section-height-default elementor-section-height-default\" data-id=\"c148c8d\" data-element_type=\"section\">\n\t\t\t\t\t\t<div class=\"elementor-container elementor-column-gap-custom\">\n\t\t\t\t\t<div class=\"elementor-column elementor-col-66 elementor-inner-column elementor-element elementor-element-94200e4\" data-id=\"94200e4\" data-element_type=\"column\" data-settings=\"{&quot;background_background&quot;:&quot;classic&quot;}\">\n\t\t\t<div class=\"elementor-widget-wrap elementor-element-populated\">\n\t\t\t\t\t\t\t\t<div class=\"elementor-element elementor-element-36a8d8c elementor-widget elementor-widget-heading\" data-id=\"36a8d8c\" data-element_type=\"widget\" data-widget_type=\"heading.default\">\n\t\t\t\t<div class=\"elementor-widget-container\">\n\t\t\t<h2 class=\"elementor-heading-title elementor-size-default\">Laurence Retourn\u00e9 - \u00c9gyptologue et guide conf\u00e9renci\u00e8re<\/h2>\t\t<\/div>\n\t\t\t\t<\/div>\n\t\t\t\t<div class=\"elementor-element elementor-element-5eb89bf elementor-widget elementor-widget-text-editor\" data-id=\"5eb89bf\" data-element_type=\"widget\" data-widget_type=\"text-editor.default\">\n\t\t\t\t<div class=\"elementor-widget-container\">\n\t\t\t\t\t\t\t<p>Quelle que soit la casquette que j\u2019enfile (enseignante, conf\u00e9renci\u00e8re, guide-conf\u00e9renci\u00e8re en mus\u00e9e ou guide culturelle de voyage), je suis avant tout une historienne. L\u2019historien est celui qui reconstruit les faits et traits de civilisation \u00e0 partir des sources, quelles soient \u00e9pigraphiques ou arch\u00e9ologiques. Mes premi\u00e8res recherches se sont tourn\u00e9es vers l\u2019histoire du Haut Moyen Age dans l\u2019Europe du Nord Ouest. Mais, au sein de l\u2019universit\u00e9 que je fr\u00e9quentais, \u00e0 Lille 3, une rencontre avec l\u2019\u00e9gyptologue Agn\u00e8s Cabrol qui y donnait des cours, a modifi\u00e9 de mani\u00e8re d\u00e9finitive mes centres d\u2019int\u00e9r\u00eats historiques, ce qui m\u2019a permis de me consacrer \u00e0 l\u2019\u00c9gypte pharaonique. \u00c0 partir de 2008, j\u2019ai commenc\u00e9 \u00e0 donner des conf\u00e9rences dans les Universit\u00e9s du Temps Libre et les associations culturelles, en France et en Belgique. En 2012, l\u2019antenne de Pornic de l\u2019Universit\u00e9 Permanente de Nantes m\u2019a offert l\u2019opportunit\u00e9 de donner mes premiers cours et, depuis 2016, au sein m\u00eame de l\u2019UPN, je propose des cycles de cours, certains aux th\u00e8mes tr\u00e8s g\u00e9n\u00e9raux (comme l\u2019histoire g\u00e9n\u00e9rale de l\u2019\u00c9gypte pharaonique ou l\u2019histoire de l\u2019art en Egypte ancienne) ou, au contraire, tr\u00e8s sp\u00e9cifiques (Femmes et pouvoir, Bestiaire, \u2026). L\u2019exp\u00e9rience des conf\u00e9rences et de l\u2019enseignement m\u2019a donn\u00e9 le go\u00fbt de la relation directe avec le public, et c\u2019est dans ce sens qu\u2019en 2015 j\u2019ai suivi une formation universitaire pour obtenir la carte professionnelle de guide-conf\u00e9rencier. Dans un premier temps, j\u2019ai guid\u00e9 pour des offices de tourisme de villes du Nord de la France, et j\u2019ai donc eu l\u2019occasion de guider des visites architecturales en ext\u00e9rieur. Puis, depuis 2016, je suis devenue guide-conf\u00e9renci\u00e8re au mus\u00e9e du Louvre Lens, tout en proposant mes services en ind\u00e9pendante pour des expositions qui me tiennent \u00e0 c\u0153ur, comme par exemple la derni\u00e8re sortie de Tout\u00e2nkhamon \u00e0 la Villette en 2019. Enfin, au fur et \u00e0 mesure de mes cours d\u2019\u00e9gyptologie, mes \u00e9tudiants ont de plus en plus ressenti le besoin de se rendre en \u00c9gypte pour mieux appr\u00e9cier les \u00e9l\u00e9ments de cours. Et c\u2019est ainsi qu\u2019en 2020, j\u2019ai fait mes premi\u00e8res armes en tant que guide culturelle en \u00c9gypte.<\/p>\t\t\t\t\t\t<\/div>\n\t\t\t\t<\/div>\n\t\t\t\t\t<\/div>\n\t\t<\/div>\n\t\t\t\t<div class=\"elementor-column elementor-col-33 elementor-inner-column elementor-element elementor-element-6961b60\" data-id=\"6961b60\" data-element_type=\"column\">\n\t\t\t<div class=\"elementor-widget-wrap elementor-element-populated\">\n\t\t\t\t\t\t\t\t<div class=\"elementor-element elementor-element-c451df3 elementor-widget elementor-widget-image\" data-id=\"c451df3\" data-element_type=\"widget\" data-widget_type=\"image.default\">\n\t\t\t\t<div class=\"elementor-widget-container\">\n\t\t\t\t\t\t\t\t\t\t\t\t\t\t\t<img width=\"572\" height=\"382\" src=\"https:\/\/perou-nefer.com\/wp-content\/uploads\/2021\/06\/ff5B-Visuel-5B-Les-organisateurs-Laurence.jpg\" class=\"attachment-large size-large\" alt=\"\" loading=\"lazy\" srcset=\"https:\/\/perou-nefer.com\/wp-content\/uploads\/2021\/06\/ff5B-Visuel-5B-Les-organisateurs-Laurence.jpg 572w, https:\/\/perou-nefer.com\/wp-content\/uploads\/2021\/06\/ff5B-Visuel-5B-Les-organisateurs-Laurence-300x200.jpg 300w\" sizes=\"(max-width: 572px) 100vw, 572px\" \/>\t\t\t\t\t\t\t\t\t\t\t\t\t\t\t<\/div>\n\t\t\t\t<\/div>\n\t\t\t\t\t<\/div>\n\t\t<\/div>\n\t\t\t\t\t\t\t<\/div>\n\t\t<\/section>\n\t\t\t\t\t<\/div>\n\t\t<\/div>\n\t\t\t\t\t\t\t<\/div>\n\t\t<\/section>\n\t\t\t\t\t\t\t<\/div>\n\t\t","protected":false},"excerpt":{"rendered":"<p>LES ORGANISATEURS Sylvie Arnot &#8211; organisatrice et accompagnatrice Mes articles servent \u00e0 informer les personnes int\u00e9ress\u00e9es par les voyages que nous proposons sur\u00a0: Les conditions administratives : documents utiles (passeport ou carte d\u2019identit\u00e9 + 2 copies), change, pourboires, etc&#8230; Les conditions climatiques sur place et les v\u00eatements \u00e0 emporter Les conditions d\u2019h\u00e9bergement, de restauration et [&hellip;]<\/p>\n","protected":false},"author":1,"featured_media":0,"parent":0,"menu_order":0,"comment_status":"closed","ping_status":"closed","template":"elementor_header_footer","meta":[],"_links":{"self":[{"href":"https:\/\/perou-nefer.com\/index.php\/wp-json\/wp\/v2\/pages\/709"}],"collection":[{"href":"https:\/\/perou-nefer.com\/index.php\/wp-json\/wp\/v2\/pages"}],"about":[{"href":"https:\/\/perou-nefer.com\/index.php\/wp-json\/wp\/v2\/types\/page"}],"author":[{"embeddable":true,"href":"https:\/\/perou-nefer.com\/index.php\/wp-json\/wp\/v2\/users\/1"}],"replies":[{"embeddable":true,"href":"https:\/\/perou-nefer.com\/index.php\/wp-json\/wp\/v2\/comments?post=709"}],"version-history":[{"count":16,"href":"https:\/\/perou-nefer.com\/index.php\/wp-json\/wp\/v2\/pages\/709\/revisions"}],"predecessor-version":[{"id":1087,"href":"https:\/\/perou-nefer.com\/index.php\/wp-json\/wp\/v2\/pages\/709\/revisions\/1087"}],"wp:attachment":[{"href":"https:\/\/perou-nefer.com\/index.php\/wp-json\/wp\/v2\/media?parent=709"}],"curies":[{"name":"wp","href":"https:\/\/api.w.org\/{rel}","templated":true}]}}